{"id":3389,"date":"2026-02-24T20:09:53","date_gmt":"2026-02-24T19:09:53","guid":{"rendered":"https:\/\/musiklager-kisi.ch\/?page_id=3389"},"modified":"2026-02-24T20:09:53","modified_gmt":"2026-02-24T19:09:53","slug":"lager-2026","status":"publish","type":"page","link":"https:\/\/musiklager-kisi.ch\/index.php\/lager-2026\/","title":{"rendered":"Lager 2026"},"content":{"rendered":"<div  data-label=\"Features\" data-id=\"features--2\" data-export-id=\"features-12\" data-category=\"features\" class=\"features-12 content-section content-section-spacing \" id=\"features-2\" style=\"background-color: rgb(255, 255, 255);\"><div  class=\"gridContainer\"> <div  class=\"row text-center\"><div  class=\"section-title-col\" data-type=\"column\"> <h2  class=\"\"><span  style=\"font-family: Roboto, arial, helvetica, sans-serif;\">Musiklager-Kisi 2026<\/span><\/h2> <p  class=\"lead\"><span  style=\"font-family: Roboto, arial, helvetica, sans-serif;\">Das Musiklager-Kisi 2026 findet wiederum auf dem Hasliberg vom Samstag, 26. September bis Freitag, 2. Oktober 2026 statt. \r\n<br ><br >\r\n\u00d6ffentliches Abschlusskonzert: Freitag 2.10.2026 19:30 Uhr \u2013 Raiffeisen Arena H\u00e4gendorf<br ><br >Anmeldeschluss:  Ende Mai 2026<br >\r\nSp\u00e4tere Anmeldungen sind nur nach R\u00fccksprache mit dem Lagerleiter m\u00f6glich<\/span><\/p><\/div> <\/div> <div  class=\"row spaced-cols\" data-type=\"row\"> <div  class=\"col-sm-6\"> <div  class=\"row space-bottom\"> <div  class=\"col-sm-fit icon-column\"> <i  class=\"fa icon fa-info bordered round color1\"><\/i> <\/div> <div  class=\"col-sm\" data-type=\"column\"> <h5  class=\"color2\"><span  style=\"font-family: Roboto, arial, helvetica, sans-serif;\">LAGERINFORMATIONEN<\/span><\/h5> <p  class=\"\"><span  style=\"font-family: Roboto, arial, helvetica, sans-serif;\">Hier findest du alle notwendigen Informationen \u00fcber das diesj\u00e4hrige Lager.<\/span><\/p><a  class=\"button color1\" href=\"https:\/\/musiklager-kisi.ch\/wp-content\/uploads\/2026\/02\/Musiklager_Kisi_Anmeldeflyer_2026.pdf\" target=\"_blank\" data-cp-link=\"1\" data-icon=\"\" rel=\"noopener\">Anmeldeflyer<\/a><a  class=\"button color1\" href=\"https:\/\/musiklager-kisi.ch\/wp-content\/uploads\/2026\/02\/Musiklager_Kisi_Anmeldekarte_2026.pdf\" target=\"_blank\" data-cp-link=\"1\" data-icon=\"\" rel=\"noopener\">Anmeldekarte<\/a><\/div> <\/div><\/div> <div  class=\"col-sm-6\"><div  class=\"row space-bottom\"> <div  class=\"col-sm-fit icon-column\"><i  class=\"fa icon fa-suitcase bordered round color1\"><\/i><\/div> <div  class=\"col-sm\" data-type=\"column\"><h5  class=\"color2\"><span  style=\"font-family: Roboto, arial, helvetica, sans-serif;\">MUSTERPROGRAMM UND PACKLISTE<\/span><\/h5> <p  class=\"\"><span  style=\"font-family: Roboto, arial, helvetica, sans-serif;\">Falls es dich interessiert, wie das Lagerprogramm ausschaut, findest du hier ein Programm des vergangenen Lagers.<\/span><\/p><a  class=\"button color1\" href=\"https:\/\/musiklager-kisi.ch\/wp-content\/uploads\/2024\/11\/ML_24_Tagesprogramme.pdf\" target=\"_blank\" data-cp-link=\"1\" data-icon=\"\" rel=\"noopener\">Musterprogramm<\/a><a  class=\"button color1\" href=\"https:\/\/musiklager-kisi.ch\/wp-content\/uploads\/2025\/08\/ML_25_Packliste.pdf\" target=\"_blank\" data-cp-link=\"1\" data-icon=\"\" rel=\"noopener\">Packliste<\/a><\/div> <\/div><\/div>   <div  class=\"col-sm-6\"> <div  class=\"row space-bottom\"> <div  class=\"col-sm-fit icon-column\"> <i  class=\"fa icon fa-group bordered round color1\"><\/i> <\/div> <div  class=\"col-sm\" data-type=\"column\"> <h5  class=\"color2\"><span  style=\"font-family: Roboto, arial, helvetica, sans-serif;\">LAGERLEITUNG<\/span><\/h5> <p  class=\"lead\"><span  style=\"font-family: Roboto, arial, helvetica, sans-serif; font-weight: 400;\">Lagerleiter<\/span><\/p><p  class=\"\"><span  style=\"font-family: Roboto, arial, helvetica, sans-serif;\">Michael Stalder<\/span><\/p><p  class=\"lead\"><span  style=\"font-family: Roboto, arial, helvetica, sans-serif; font-weight: 400;\">Dirigenten<\/span><\/p><p  class=\"\"><span  style=\"font-family: Roboto, arial, helvetica, sans-serif;\">Oliver Waldmann, Concert-Band und Lagerband\r\n<br >Andreas Moser, Beginner-Band und Lagerband\r\n<br >Fabian Gaberth\u00fcel, Perkussionsensemble<\/span><\/p><p  class=\"lead\"><span  style=\"font-family: Roboto, arial, helvetica, sans-serif; font-weight: 400;\">K\u00fcche &amp; Reinigung<\/span><\/p><p  class=\"\"><span  style=\"font-family: Roboto, arial, helvetica, sans-serif;\">Heinz Kissling\r\n<br >Isabella Kissling<br >Nicole Kissling\r\n<br >Dominik von Arx<\/span><\/p><\/div> <\/div><\/div><div  class=\"col-sm-6\"> <div  class=\"row space-bottom\"> <div  class=\"col-sm-fit icon-column\" data-preview-empty=\"1\">  <\/div> <div  class=\"col-sm\" data-type=\"column\">  <p  class=\"lead\"><span  style=\"font-family: Roboto, arial, helvetica, sans-serif; font-weight: 400;\">Registerleitende<\/span><\/p><p  class=\"\"><span  style=\"font-family: Roboto, arial, helvetica, sans-serif;\">Jasmin Lack, Querfl\u00f6te\r\n<br >Nicole Waldmann und Michael R\u00f6theli, Klarinette\r\n<br >Ursula Hofer, Sax\r\n<br >Jan B\u00fcttiker und Julian Wyss, kleines Blech\r\n<br >Anita Lack, Waldhorn \/ Es-Horn\r\n<br >vakant, Posaune\r\n<br >Peter Wyss, Euphonium\r\n<br >Thomas K\u00e4ch, Tuba und Bari-Sax\r\n<br >Fabian Gaberth\u00fcel, Dominik Wyss und Cyrill Marbet, Perkussion<\/span><\/p><\/div> <\/div><\/div><\/div><\/div> <\/div>","protected":false},"excerpt":{"rendered":"<p>Musiklager-Kisi 2026 Das Musiklager-Kisi 2026 findet wiederum auf dem Hasliberg vom Samstag, 26. September bis Freitag, 2. Oktober 2026 statt. \u00d6ffentliches Abschlusskonzert: Freitag 2.10.2026 19:30 Uhr \u2013 Raiffeisen Arena H\u00e4gendorfAnmeldeschluss: Ende Mai 2026 Sp\u00e4tere Anmeldungen sind nur nach R\u00fccksprache mit dem Lagerleiter m\u00f6glich LAGERINFORMATIONEN Hier findest du alle notwendigen Informationen \u00fcber das diesj\u00e4hrige Lager.AnmeldeflyerAnmeldekarte MUSTERPROGRAMM&hellip; <br \/> <a class=\"read-more\" href=\"https:\/\/musiklager-kisi.ch\/index.php\/lager-2026\/\">Read more<\/a><\/p>\n","protected":false},"author":1,"featured_media":0,"parent":0,"menu_order":0,"comment_status":"closed","ping_status":"closed","template":"pro\/page-templates\/full-width-page.php","meta":{"footnotes":""},"class_list":["post-3389","page","type-page","status-publish","hentry"],"_links":{"self":[{"href":"https:\/\/musiklager-kisi.ch\/index.php\/wp-json\/wp\/v2\/pages\/3389","targetHints":{"allow":["GET"]}}],"collection":[{"href":"https:\/\/musiklager-kisi.ch\/index.php\/wp-json\/wp\/v2\/pages"}],"about":[{"href":"https:\/\/musiklager-kisi.ch\/index.php\/wp-json\/wp\/v2\/types\/page"}],"author":[{"embeddable":true,"href":"https:\/\/musiklager-kisi.ch\/index.php\/wp-json\/wp\/v2\/users\/1"}],"replies":[{"embeddable":true,"href":"https:\/\/musiklager-kisi.ch\/index.php\/wp-json\/wp\/v2\/comments?post=3389"}],"version-history":[{"count":4,"href":"https:\/\/musiklager-kisi.ch\/index.php\/wp-json\/wp\/v2\/pages\/3389\/revisions"}],"predecessor-version":[{"id":3399,"href":"https:\/\/musiklager-kisi.ch\/index.php\/wp-json\/wp\/v2\/pages\/3389\/revisions\/3399"}],"wp:attachment":[{"href":"https:\/\/musiklager-kisi.ch\/index.php\/wp-json\/wp\/v2\/media?parent=3389"}],"curies":[{"name":"wp","href":"https:\/\/api.w.org\/{rel}","templated":true}]}}