{"id":29,"date":"2021-05-08T15:48:09","date_gmt":"2021-05-08T14:48:09","guid":{"rendered":"https:\/\/web158.sr11.firestorm.ch\/?page_id=29"},"modified":"2026-01-20T19:46:57","modified_gmt":"2026-01-20T18:46:57","slug":"sponsoring","status":"publish","type":"page","link":"https:\/\/musiklager-kisi.ch\/index.php\/sponsoring\/","title":{"rendered":"Sponsoring"},"content":{"rendered":"<div  data-label=\"Content\" data-id=\"content--1\" data-export-id=\"content-6-2\" data-category=\"content\" class=\"content-6-2 content-section content-section-spacing\" id=\"content-1\" style=\"background-color: rgb(255, 255, 255);\"><div  class=\"gridContainer\"> <div  class=\"row text-center\"><div  class=\"section-title-col\" data-type=\"column\"> <h2  class=\"\">Sponsoring<\/h2> <p  class=\"lead\">Unterst\u00fctzen Sie eine sinnvolle Freizeitbesch\u00e4ftigung mit Tradition<br >\nf\u00fcr Jugendliche aus der Region.<\/p><a  class=\"button color1\" href=\"https:\/\/musiklager-kisi.ch\/wp-content\/uploads\/2026\/01\/Musiklager_Kisi_Sponsoringflyer_2026.pdf\" target=\"_blank\" data-cp-link=\"1\" data-icon=\"\" rel=\"noopener\">Sponsoringflyer<\/a><\/div> <\/div> <div  class=\"row middle-sm\"> <div  class=\"col-sm-6 flexbox around-xs top-xs\"> <div  class=\"overlay-box flexbox middle-xs center-xs overlay-holder\"> <div  class=\"overlay-box-offset offset-border shadow-medium border-color2 hide-xs\"><\/div> <img  decoding=\"async\" class=\"flexbox shadow-large img1\" data-size=\"485x632\" src=\"https:\/\/musiklager-kisi.ch\/wp-content\/uploads\/2021\/06\/TWINT-Spende.jpg\" title=\"TWINT Spende\" alt=\"\"><\/div> <\/div> <div  class=\"col-sm-6 space-top-xs\"> <div  class=\"row\"> <div  class=\"col-xs-12 space-bottom\" data-type=\"column\">  <p  class=\"\">\n<br ><br >Das Musiklager-Kisi ist 1992 auf Eigeninitiative von Musiklehrer und Dirigent Alois Kissling, Wolfwil\/Rothrist, gegr\u00fcndet worden und agiert seither als unabh\u00e4ngiger Verein mit dem Ziel und Zweck der musikalischen Jugendf\u00f6rderung.\n<br ><br >\nDas Musiklager-Kisi findet j\u00e4hrlich in der ersten Herbstferienwoche in Hasliberg statt. Teilnahmeberechtigt sind Blechbl\u00e4ser*innen, Holzbl\u00e4ser*innen und Schlagzeuger*innen im Alter zwischen 8 und 20 Jahren aus der Region Unterg\u00e4u, den Gemeinden H\u00e4rkingen\/Neuendorf und der Region Rothrist. Mit zwischen 55-65 Teilnehmenden ist das Musiklager-Kisi eines der gr\u00f6ssten und traditionsreichsten Jugend-Musiklager der Kantone Solothurn und Aargau.\n<\/p><\/div> <div  data-type=\"row\" class=\"col-xs-12\">  <div  class=\"row space-bottom force-align\"> <div  class=\"col-xs-12 col-sm-fit text-center\" data-preview-empty=\"1\"> <\/div> <div  class=\"col-xs-12 col-sm\" data-type=\"column\"> <\/div> <\/div><\/div> <\/div><\/div> <\/div><\/div> <\/div><div  data-label=\"Content\" data-id=\"content--3\" data-export-id=\"content-12\" data-category=\"content\" class=\"content-12 content-section content-section-spacing\" id=\"content-3\" style=\"background-color: rgb(255, 255, 255); background-image: none;\"><div  class=\"\"> <div  class=\"row text-center\"><div  class=\"section-title-col\" data-type=\"column\">  <p  class=\"\" style=\"text-align: left;\">Die Gesamtleitung des Lagers liegt bei Michael Stalder aus H\u00e4gendorf. F\u00fcr die musikalische Leitung ist Oliver Waldmann aus H\u00e4gendorf zust\u00e4ndig. Er ist langj\u00e4hriger Dirigent der Brass Band Kappel und der Musikgesellschaft H\u00e4gendorf-Rickenbach. Nebst Oliver Waldmann stehen mit Andreas Moser, Musikschulleiter, Musiklehrer und Dirigent der Musikgesellschaft H\u00e4rkingen und der Jugendmusik Unterg\u00e4u-H\u00e4rkingen-Neuendorf sowie mit Fabian Gaberth\u00fcel, Musiklehrer f\u00fcr Perkussion und Schulmusik zwei weitere ausgewiesene Musiker als musikalische Leiter im Einsatz.\n<br ><br >Die Teilnehmenden werden ausserdem von einem Dutzend fachkundigen Registerleitenden betreut, welche es verstehen, die jugendlichen Teilnehmenden f\u00fcr die Musik zu begeistern. Jedes Jahr setzen die Lager- und Registerleitenden unentgeltlich eine Woche ihrer Ferien ein. Ohne die Bereitschaft auf ein Honorar zu verzichten, m\u00fcsste der Lagerbeitrag stark erh\u00f6ht werden.\n\n<br ><br >\nIn der Lagerwoche wird ein dem Stand der Teilnehmenden angepasstes Konzertprogramm erarbeitet, welches jeweils am Freitagabend anl\u00e4sslich des \u00f6ffentlichen Abschlusskonzertes vorgetragen wird. Der grosse Zuschaueraufmarsch, wir d\u00fcrfen jeweils \u00fcber 300 Besucher*innen begr\u00fcssen, ist der Lohn f\u00fcr eine intensive Lagerwoche und gibt den jungen Musizierenden stets grosse Motivation zur weiteren Aus\u00fcbung ihres tollen Hobbys. Als Andenken an ein erfolgreiches Konzert werden Live-Aufnahmen produziert. Diese werden von den jungen Musizierenden noch lange mit grossem Stolz angeh\u00f6rt.\n\n<br ><br >\nWir sind bestrebt, den Jugendlichen nebst dem musikalischen Alltag ein abwechslungsreiches Rahmenprogramm zu bieten. Eine gute Verpflegung darf nat\u00fcrlich nicht fehlen. Alle Teilnehmenden werden durch die eigene K\u00fcchen-Crew drei Mal pro Tag reichlich verpflegt. Ebenfalls stehen jederzeit kostenlos Tee und Obst zur Verf\u00fcgung. Ausserdem sind die \u00dcbernachtung im Musikhaus, die Ben\u00fctzung der Probelokale und Registerr\u00e4ume, die Beschaffung der Musiknoten, die Miete des Perkussionsmaterials, der Transport nach Hasliberg und zur\u00fcck, die Organisation des Abschlusskonzertes, das Lager-T-Shirt sowie die Live-Produktion des Abschlusskonzertes mit Kosten verbunden.\n\n<br ><br >\nInsgesamt entstehen Kosten von \u00fcber CHF 800 pro Person. Die Lagerwoche bieten wir den Teilnehmenden f\u00fcr CHF 260, bei mehreren Teilnehmenden pro Familie f\u00fcr CHF 240 resp. CHF 220 an. Die fehlenden Zweidrittel aller Lager-Einnahmen generieren wir mit Sponsoren- und Spendengeldern.&nbsp;\n<br ><br >Damit wir die Lagerwoche weiterhin zu einem f\u00fcr alle Familien erschwinglichen Betrag anbieten k\u00f6nnen, sind wir auf finanzielle Unterst\u00fctzung angewiesen. Unser erstrebtes Ziel ist, dass niemand aufgrund finanzieller \u00dcberlegungen nicht an dieser Lagerwoche teilnehmen kann.\n<br ><br >\nWir freuen uns \u00fcber jede finanzielle oder materielle Unterst\u00fctzung. Im Sponsoringflyer, und nachstehend aufgef\u00fchrt, stellen wir Ihnen die Sponsoringm\u00f6glichkeiten vor.\n<br ><br >\nIm Namen der Lagerleitung danken wir Ihnen f\u00fcr Ihren Beitrag zur Jugendf\u00f6rderung.\n<br ><br >\nNicole Waldmann (Sponsoringverantwortliche)<br >\nMichael Stalder (Lagerleiter)<\/p><\/div> <\/div> <div  class=\"row center-xs middle-xs\"> <div  class=\"col-sm-9\" data-type=\"column\"> <\/div> <\/div><\/div> <\/div><div  data-label=\"Pricing\" data-id=\"pricing--1\" data-export-id=\"pricing-1\" data-category=\"pricing\" data-featured-class=\"pricing-featured\" class=\"pricing-1 content-section content-section-spacing\" id=\"pricing-1\" style=\"background-color: rgb(245, 250, 253);\"><div  class=\"gridContainer\"> <div  class=\"row\"><div  data-type=\"column\" class=\"section-title-col\"> <h2  class=\"text-center\">Sponsoringkonzept<\/h2> <p  class=\"lead\">Folgende Sponsoringm\u00f6glichkeiten bieten wir an:<\/p><\/div> <\/div> <div  data-type=\"row\" class=\"row spaced-cols\"> <div  class=\"col-xs-12 col-sm-6 col-md-3 text-center \"> <div  class=\"card shadow-small rounded\" data-default=\"shadow-small\" data-featured=\"shadow-large\" data-type=\"column\"> <h3  class=\"font-300 upper\"><span  style=\"font-family: Roboto, arial, helvetica, sans-serif;\">G\u00f6nner-Beitrag<\/span><span  id=\"_mce_caret\" data-mce-bogus=\"1\" data-mce-type=\"format-caret\"><span  style=\"font-family: Roboto, arial, helvetica, sans-serif;\">\ufeff\n<\/span><\/span><\/h3> <h3  class=\"h1\"><span  style=\"font-weight: 100;\">ab&nbsp;<\/span>CHF 10<\/h3>   <p  class=\"\" style=\"text-align: center;\">F\u00fcr Beitr\u00e4ge ab CHF 100 erhalten Sie als Dankesch\u00f6n eine Einladung und eine Live-Aufnahme des Abschlusskonzertes.\n<\/p><\/div> <\/div> <div  class=\"col-xs-12 col-sm-6 col-md-3 text-center\"> <div  class=\"card rounded shadow-small\" data-default=\"shadow-small\" data-featured=\"shadow-large\" data-type=\"column\"> <h3  class=\"font-300 upper\"><span  style=\"font-weight: 300; font-family: Roboto, arial, helvetica, sans-serif;\">CO-Sponsoring<\/span>\n<\/h3> <h3  class=\"h1\"><span  style=\"font-weight: 100;\">ab&nbsp;<\/span>CHF 500<\/h3>   <p  class=\"\">Logo auf Webseite; Nennung im Live-Video des<br >\nAbschlusskonzertes; Erw\u00e4hnung am Konzert und auf unseren Social-<br >\nMedia-Kan\u00e4len; Einladung zum Abschlusskonzert<\/p><\/div> <\/div> <div  class=\"col-xs-12 col-sm-6 col-md-3 text-center \"> <div  class=\"card shadow-small rounded\" data-default=\"shadow-small\" data-featured=\"shadow-large\" data-type=\"column\"> <h3  class=\"font-300 upper\"><span  style=\"font-family: Roboto, arial, helvetica, sans-serif;\">T-Shirt-Sponsoring<\/span><\/h3> <h3  class=\"h1\"><span  style=\"font-weight: 100;\">ab&nbsp;<\/span>CHF 900<\/h3>   <p  class=\"\">&nbsp;Logo auf einem \u00c4rmel (CHF 900)&nbsp;oder\n<br >Logo auf beiden \u00c4rmeln (CHF 1800);\n<br >Logo auf Konzertprogramm und Live-Video des Abschlusskonzertes;&nbsp;Banner am Konzert; weitere Leistungen gem\u00e4ss Co-Sponsoring<\/p><\/div> <\/div> <div  class=\"col-xs-12 col-sm-6 col-md-3 text-center\"> <div  class=\"card shadow-small rounded\" data-default=\"shadow-small\" data-featured=\"shadow-large\" data-type=\"column\"> <h3  class=\"font-300 upper\"><span  style=\"font-family: Roboto, arial, helvetica, sans-serif;\">Haupt-sponsoring<\/span><\/h3> <h3  class=\"h1\"><span  style=\"font-weight: 100;\">ab&nbsp;<\/span>CHF 1500<\/h3>   <p  class=\"\">Banner am Konzert; Logo auf Konzertprogramm, Korrespondenz und<br >\nWebseite; Branchen-Exklusivit\u00e4t; weitere Leistungen gem\u00e4ss Co-Sponsoring<\/p><\/div> <\/div><\/div> <\/div><\/div><div  data-label=\"Clients\" data-id=\"clients--1\" data-export-id=\"clients-4\" data-category=\"clients\" class=\"clients-4 content-section content-section-spacing-small\" id=\"clients-1\" style=\"background-color: rgb(255, 255, 255);\"><div  class=\"gridContainer\"> <div  class=\"row\"><div  data-type=\"column\" class=\"section-title-col\"> <h2  class=\"font-700\">Unsere Sponsoren<\/h2> <p  class=\"lead\"><span  style=\"font-family: Roboto, arial, helvetica, sans-serif; font-weight: 400;\">Musiklager-Kisi 2025<\/span><\/p><\/div> <\/div> <div  data-type=\"row\" class=\"row spaced-cols middle-xs center-xs space-bottom padding-lr\">       <div  class=\"col-xs-6 col-sm-2\"> <\/div><\/div><\/div> <\/div><div  data-label=\"Clients\" data-id=\"clients--6\" data-export-id=\"clients-4\" data-category=\"clients\" class=\"clients-4 content-section content-section-spacing-small\" id=\"clients-6\" style=\"background-color: rgb(255, 255, 255); background-image: none;\"><div  class=\"gridContainer\"> <div  class=\"row\"><div  data-type=\"column\" class=\"section-title-col\">  <p  class=\"lead\">Hauptsponsor<\/p><\/div> <\/div> <div  data-type=\"row\" class=\"row spaced-cols middle-xs center-xs space-bottom padding-lr\"> <div  class=\"col-xs-6 col-sm-2\"> <\/div>      <\/div><\/div> <\/div><div  data-label=\"Clients\" data-id=\"clients--7\" data-export-id=\"clients-4\" data-category=\"clients\" class=\"clients-4 content-section content-section-spacing-small\" id=\"clients-7\" style=\"background-color: rgb(255, 255, 255); background-image: none;\"><div  class=\"gridContainer\"> <div  class=\"row\"><div  data-type=\"column\" class=\"section-title-col\">  <p  class=\"lead\">T-Shirt Sponsoren<\/p><\/div> <\/div> <div  data-type=\"row\" class=\"row spaced-cols middle-xs center-xs space-bottom padding-lr\"> <div  class=\"col-xs-6 col-sm-2\"> <\/div>      <\/div><\/div> <\/div><div  data-label=\"Clients\" data-id=\"clients--8\" data-export-id=\"clients-4\" data-category=\"clients\" class=\"clients-4 content-section content-section-spacing-small\" id=\"clients-8\" style=\"background-color: rgb(255, 255, 255);\"><div  class=\"gridContainer\"> <div  class=\"row\"><div  data-type=\"column\" class=\"section-title-col\">  <p  class=\"lead\">Co-Sponsoren<\/p><\/div> <\/div> <div  data-type=\"row\" class=\"row spaced-cols middle-xs center-xs space-bottom padding-lr\">      <div  class=\"col-xs-6 col-sm-2\"> <\/div> <\/div><\/div> <\/div><div  data-label=\"Clients\" data-id=\"clients--5\" data-export-id=\"clients-2\" data-category=\"clients\" class=\"clients-2 content-section content-section-spacing\" id=\"clients-5\" style=\"background-color: rgb(255, 255, 255);\"><div  class=\"gridContainer\"><div  data-section-title-area=\"true\" class=\"row text-center\">   <div  class=\"section-title-col\" data-type=\"column\">              <p  class=\"lead\">F\u00f6rderorganisationen Bund &amp; Kanton<\/p>   <\/div><\/div>  <div  class=\"row center-xs spaced-cols padding-lr\" data-type=\"row\"> <div  class=\"col-xs-6 col-sm-3 col-md-3\"> <img  decoding=\"async\" src=\"https:\/\/musiklager-kisi.ch\/wp-content\/uploads\/2021\/07\/cropped-jm.png\" class=\"\" title=\"Jugend und Musik\" alt=\"\"><\/div>   <div  class=\"col-xs-6 col-sm-3 col-md-3\"> <img  decoding=\"async\" src=\"https:\/\/musiklager-kisi.ch\/wp-content\/uploads\/2022\/07\/logo_lotteriefonds_solothurn.png\" class=\"\" title=\"logo_lotteriefonds_solothurn\" alt=\"\"><\/div> <div  class=\"col-xs-6 col-sm-3 col-md-3\"> <img  decoding=\"async\" src=\"https:\/\/musiklager-kisi.ch\/wp-content\/uploads\/2024\/03\/Basel-Tattoo-Logo-Charity.png\" class=\"\" title=\"Jugend und Musik\" alt=\"\"><\/div><\/div><\/div> <\/div>","protected":false},"excerpt":{"rendered":"<p>Sponsoring Unterst\u00fctzen Sie eine sinnvolle Freizeitbesch\u00e4ftigung mit Tradition f\u00fcr Jugendliche aus der Region.Sponsoringflyer Das Musiklager-Kisi ist 1992 auf Eigeninitiative von Musiklehrer und Dirigent Alois Kissling, Wolfwil\/Rothrist, gegr\u00fcndet worden und agiert seither als unabh\u00e4ngiger Verein mit dem Ziel und Zweck der musikalischen Jugendf\u00f6rderung. Das Musiklager-Kisi findet j\u00e4hrlich in der ersten Herbstferienwoche in Hasliberg statt. Teilnahmeberechtigt sind&hellip; <br \/> <a class=\"read-more\" href=\"https:\/\/musiklager-kisi.ch\/index.php\/sponsoring\/\">Read more<\/a><\/p>\n","protected":false},"author":1,"featured_media":0,"parent":0,"menu_order":0,"comment_status":"closed","ping_status":"closed","template":"pro\/page-templates\/full-width-page.php","meta":{"footnotes":""},"class_list":["post-29","page","type-page","status-publish","hentry"],"_links":{"self":[{"href":"https:\/\/musiklager-kisi.ch\/index.php\/wp-json\/wp\/v2\/pages\/29","targetHints":{"allow":["GET"]}}],"collection":[{"href":"https:\/\/musiklager-kisi.ch\/index.php\/wp-json\/wp\/v2\/pages"}],"about":[{"href":"https:\/\/musiklager-kisi.ch\/index.php\/wp-json\/wp\/v2\/types\/page"}],"author":[{"embeddable":true,"href":"https:\/\/musiklager-kisi.ch\/index.php\/wp-json\/wp\/v2\/users\/1"}],"replies":[{"embeddable":true,"href":"https:\/\/musiklager-kisi.ch\/index.php\/wp-json\/wp\/v2\/comments?post=29"}],"version-history":[{"count":83,"href":"https:\/\/musiklager-kisi.ch\/index.php\/wp-json\/wp\/v2\/pages\/29\/revisions"}],"predecessor-version":[{"id":3386,"href":"https:\/\/musiklager-kisi.ch\/index.php\/wp-json\/wp\/v2\/pages\/29\/revisions\/3386"}],"wp:attachment":[{"href":"https:\/\/musiklager-kisi.ch\/index.php\/wp-json\/wp\/v2\/media?parent=29"}],"curies":[{"name":"wp","href":"https:\/\/api.w.org\/{rel}","templated":true}]}}