{"id":1194,"date":"2021-06-28T18:09:30","date_gmt":"2021-06-28T17:09:30","guid":{"rendered":"https:\/\/web158.sr11.firestorm.ch\/?page_id=1194"},"modified":"2021-08-10T18:01:57","modified_gmt":"2021-08-10T17:01:57","slug":"lager-2018","status":"publish","type":"page","link":"https:\/\/musiklager-kisi.ch\/index.php\/lager-2018\/","title":{"rendered":"Lager 2018"},"content":{"rendered":"<div  data-label=\"Features\" data-id=\"features--2\" data-export-id=\"features-12\" data-category=\"features\" class=\"features-12 content-section content-section-spacing \" id=\"features-2\" style=\"background-color: rgb(255, 255, 255);\"><div  class=\"gridContainer\"> <div  class=\"row text-center\"><div  class=\"section-title-col\" data-type=\"column\"> <h2  class=\"\"><span  style=\"font-family: Roboto, arial, helvetica, sans-serif;\">Musiklager-Kisi 2018<\/span><\/h2> <p  class=\"lead\"><span  style=\"font-family: Roboto, arial, helvetica, sans-serif;\">Das Musiklager-Kisi 2018 fand vom Samstag, 6. bis Freitag, 12. Oktober wiederum in Zweisimmen statt.\n<br >\n<br >Insgesamt 83 Personen (66 Teilnehmer und 17 Leiter) nahmen am 27. Musiklager-Kisi teil.<\/span><\/p><img decoding=\"async\"  class=\"custom-image\" src=\"https:\/\/web158.sr11.firestorm.ch\/wp-content\/uploads\/2021\/06\/Gesamtfoto.jpg\" title=\"Gesamtfoto\" alt=\"\"><\/div> <\/div> <div  class=\"row spaced-cols\" data-type=\"row\"> <div  class=\"col-sm-6\"> <div  class=\"row space-bottom\"> <div  class=\"col-sm-fit icon-column\"> <i  class=\"fa icon fa-music bordered round color2\"><\/i> <\/div> <div  class=\"col-sm\" data-type=\"column\"> <h5  class=\"color2\"><span  style=\"font-family: Roboto, arial, helvetica, sans-serif;\">ABSCHLUSSKONZERT<\/span><\/h5> <p  class=\"\"><span  style=\"font-family: Roboto, arial, helvetica, sans-serif;\">Hier findest du das Konzertprogramm von unserem Abschlusskonzert am Freitag 12. Oktober in Rickenbach.<\/span><\/p><a class=\"button color1\" href=\"https:\/\/musiklager-kisi.ch\/wp-content\/uploads\/2021\/06\/Konzertprogramm.pdf\" target=\"_blank\" data-cp-link=\"1\" data-icon=\"\" rel=\"noopener\">Konzertprogramm<\/a><\/div> <\/div><\/div> <div  class=\"col-sm-6\"><div  class=\"row space-bottom\"> <div  class=\"col-sm-fit icon-column\"><i  class=\"fa icon fa-calendar bordered round color2\"><\/i><\/div> <div  class=\"col-sm\" data-type=\"column\"><h5  class=\"color2\"><span  style=\"font-family: Roboto, arial, helvetica, sans-serif;\">TAGESPROGRAMM<\/span><\/h5> <p  class=\"\"><span  id=\"_mce_caret\" data-mce-bogus=\"1\" data-mce-type=\"format-caret\"><span  style=\"font-family: Roboto, arial, helvetica, sans-serif;\">\ufeffFalls es dich Wunder nimmt, was wir im Jahr 2018 jeden Tag gemacht haben findest du hier die Tagesprogramme.<\/span><\/span><\/p><a class=\"button color1\" href=\"https:\/\/musiklager-kisi.ch\/wp-content\/uploads\/2021\/06\/ML_18_Tagesprogramm_Komplett.pdf\" target=\"_blank\" data-cp-link=\"1\" data-icon=\"\" rel=\"noopener\">Tagesprogramm<\/a><\/div> <\/div><\/div>  <div  class=\"col-sm-6\"> <div  class=\"row space-bottom\"> <div  class=\"col-sm-fit icon-column\"> <i  class=\"fa icon fa-users bordered round color2\"><\/i> <\/div> <div  class=\"col-sm\" data-type=\"column\"> <h5  class=\"color2\"><span  style=\"font-family: Roboto, arial, helvetica, sans-serif;\">LAGERLEITUNG<\/span><\/h5> <p  class=\"lead\"><span  style=\"font-family: Roboto, arial, helvetica, sans-serif; font-weight: 400;\">Lagerleiter<\/span><\/p><p  class=\"\"><span  style=\"font-family: Roboto, arial, helvetica, sans-serif;\">Christoph Egger<\/span><\/p><p  class=\"lead\"><span  style=\"font-family: Roboto, arial, helvetica, sans-serif; font-weight: 400;\">Dirigenten<\/span><\/p><p  class=\"\"><span  style=\"font-family: Roboto, arial, helvetica, sans-serif;\">Oliver Waldmann, Concert-Band und Lagerband\n\n<br >Andreas Moser, Beginner-Band und Lagerband\n<br >Fabian Gaberth\u00fcel, Perkussionsensemble<\/span><\/p><p  class=\"lead\"><span  style=\"font-family: Roboto, arial, helvetica, sans-serif; font-weight: 400;\">K\u00fcchen Crew<\/span><\/p><p  class=\"\"><span  style=\"font-family: Roboto, arial, helvetica, sans-serif;\">Monika Fl\u00fcckiger\n<br >Willy Berger<\/span><\/p><\/div> <\/div><\/div><div  class=\"col-sm-6\"><div  class=\"row space-bottom\"> <div  class=\"col-sm-fit icon-column\" data-preview-empty=\"1\"><\/div> <div  class=\"col-sm\" data-type=\"column\"> <p  class=\"lead\"><span  style=\"font-family: Roboto, arial, helvetica, sans-serif; font-weight: 400;\">Registerleitende<\/span><\/p><p  class=\"\"><span  style=\"font-family: Roboto, arial, helvetica, sans-serif;\">Carla Lauber, Querfl\u00f6te<\/span><br ><span  style=\"font-family: Roboto, arial, helvetica, sans-serif;\">\nNicole Waldmann und Michael R\u00f6theli, Klarinette<\/span><br ><span  style=\"font-family: Roboto, arial, helvetica, sans-serif;\">\nUrsula Hofer, Sax<\/span><br ><span  style=\"font-family: Roboto, arial, helvetica, sans-serif;\">\nMichael Stalder, kleines Blech<\/span><br ><span  style=\"font-family: Roboto, arial, helvetica, sans-serif;\">\nAnita Lack, Waldhorn \/ Es-Horn<\/span><br ><span  style=\"font-family: Roboto, arial, helvetica, sans-serif;\">\nLisa Lack, Posaune<\/span><br ><span  style=\"font-family: Roboto, arial, helvetica, sans-serif;\">\nPeter Wyss und&nbsp;Lukas Bosshart, grosses Blech<\/span><br ><span  style=\"font-family: Roboto, arial, helvetica, sans-serif;\">\nFabian Gaberth\u00fcel, Dominik Wyss und Kezia Schlatter, Perkussion<\/span><\/p><\/div> <\/div><\/div> <\/div><\/div> <\/div><div  data-label=\"Gallery\" data-id=\"gallery--1\" data-export-id=\"gallery-2\" data-category=\"gallery\" class=\"gallery-2 content-section content-section-spacing\" id=\"gallery-1\" style=\"background-color: rgb(255, 255, 255); background-image: none;\"><div  class=\"gridContainer\"> <div  class=\"row\"><div  class=\"col-xs-12 full-no-padding\" data-editable=\"true\" data-content-shortcode=\"mesmerize_gallery id=&quot;mesmerize-gallery-2&quot; columns=&quot;3&quot; ids=&quot;1210,1211,1212,1213,1214,1215,1216,1209,1208,1217,1218,1219,1220,1221,1222&quot; lb=&quot;1&quot; masonry=&quot;0&quot; size=&quot;large&quot; link=&quot;file&quot; \"><div id='mesmerize-gallery-2' class='gallery-wrapper'><style type=\"text\/css\">\n                    @media only screen and (min-width: 768px) {\n                    [data-unique-id='mesmerize-gallery-2-69e1a52f40383'] dl {\n                        float: left;\n                        width: 33.333333333333% !important;\n                        max-width:  33.333333333333% !important;\n                        min-width:  33.333333333333% !important;\n                    }\n\n                    [data-unique-id='mesmerize-gallery-2-69e1a52f40383'] dl:nth-of-type(3n +1 ) {\n                      clear: both;\n                      }\n                    }\n                <\/style><div id='mesmerize-gallery-2' class='mesmerize-gallery-2-dls-wrapper gallery-items-wrapper materialis-gallery' data-unique-id='mesmerize-gallery-2-69e1a52f40383'><dl class='gallery-item'>\n\t\t\t<dt class='gallery-icon landscape'>\n\t\t\t\t<a data-fancybox=\"mesmerize-gallery-2-group\" href='https:\/\/musiklager-kisi.ch\/wp-content\/uploads\/2021\/06\/2018-10-09-09.53.10.jpg'><img loading=\"lazy\" decoding=\"async\"  width=\"650\" height=\"500\" src=\"https:\/\/musiklager-kisi.ch\/wp-content\/uploads\/2021\/06\/2018-10-09-09.53.10.jpg\"  class='mesmerize-gallery-2-image' alt=\"\" aria-describedby=\"gallery-1-1210\" srcset=\"https:\/\/musiklager-kisi.ch\/wp-content\/uploads\/2021\/06\/2018-10-09-09.53.10.jpg 650w, https:\/\/musiklager-kisi.ch\/wp-content\/uploads\/2021\/06\/2018-10-09-09.53.10-300x231.jpg 300w\" sizes=\"auto, (max-width: 650px) 100vw, 650px\" \/><\/a>\n\t\t\t<\/dt>\n\t\t\t\t<dd class='wp-caption-text gallery-caption' id='gallery-1-1210'>\n\t\t\t\tBei sch\u00f6nstem Herbstwetter besammelte sich die Wanderschar unter der Leitung von  Fabian kurz vor 10.00 Uhr vor dem Lagerhaus.\n\t\t\t\t<\/dd><\/dl><dl class='gallery-item'>\n\t\t\t<dt class='gallery-icon portrait'>\n\t\t\t\t<a data-fancybox=\"mesmerize-gallery-2-group\" href='https:\/\/musiklager-kisi.ch\/wp-content\/uploads\/2021\/06\/2018-10-09-10.01.51.jpg'><img loading=\"lazy\" decoding=\"async\"  width=\"500\" height=\"650\" src=\"https:\/\/musiklager-kisi.ch\/wp-content\/uploads\/2021\/06\/2018-10-09-10.01.51.jpg\"  class='mesmerize-gallery-2-image' alt=\"\" aria-describedby=\"gallery-1-1211\" srcset=\"https:\/\/musiklager-kisi.ch\/wp-content\/uploads\/2021\/06\/2018-10-09-10.01.51.jpg 500w, https:\/\/musiklager-kisi.ch\/wp-content\/uploads\/2021\/06\/2018-10-09-10.01.51-231x300.jpg 231w\" sizes=\"auto, (max-width: 500px) 100vw, 500px\" \/><\/a>\n\t\t\t<\/dt>\n\t\t\t\t<dd class='wp-caption-text gallery-caption' id='gallery-1-1211'>\n\t\t\t\tDie Stimmung war toll!\n\t\t\t\t<\/dd><\/dl><dl class='gallery-item'>\n\t\t\t<dt class='gallery-icon portrait'>\n\t\t\t\t<a data-fancybox=\"mesmerize-gallery-2-group\" href='https:\/\/musiklager-kisi.ch\/wp-content\/uploads\/2021\/06\/2018-10-09-11.15.55.jpg'><img loading=\"lazy\" decoding=\"async\"  width=\"500\" height=\"650\" src=\"https:\/\/musiklager-kisi.ch\/wp-content\/uploads\/2021\/06\/2018-10-09-11.15.55.jpg\"  class='mesmerize-gallery-2-image' alt=\"\" aria-describedby=\"gallery-1-1212\" srcset=\"https:\/\/musiklager-kisi.ch\/wp-content\/uploads\/2021\/06\/2018-10-09-11.15.55.jpg 500w, https:\/\/musiklager-kisi.ch\/wp-content\/uploads\/2021\/06\/2018-10-09-11.15.55-231x300.jpg 231w\" sizes=\"auto, (max-width: 500px) 100vw, 500px\" \/><\/a>\n\t\t\t<\/dt>\n\t\t\t\t<dd class='wp-caption-text gallery-caption' id='gallery-1-1212'>\n\t\t\t\tVom Lagerhaus wanderten wir durch Zweisimmen in Richtung Oeschseite\n\t\t\t\t<\/dd><\/dl><dl class='gallery-item'>\n\t\t\t<dt class='gallery-icon portrait'>\n\t\t\t\t<a data-fancybox=\"mesmerize-gallery-2-group\" href='https:\/\/musiklager-kisi.ch\/wp-content\/uploads\/2021\/06\/2018-10-09-11.25.40-1.jpg'><img loading=\"lazy\" decoding=\"async\"  width=\"500\" height=\"650\" src=\"https:\/\/musiklager-kisi.ch\/wp-content\/uploads\/2021\/06\/2018-10-09-11.25.40-1.jpg\"  class='mesmerize-gallery-2-image' alt=\"\" aria-describedby=\"gallery-1-1213\" srcset=\"https:\/\/musiklager-kisi.ch\/wp-content\/uploads\/2021\/06\/2018-10-09-11.25.40-1.jpg 500w, https:\/\/musiklager-kisi.ch\/wp-content\/uploads\/2021\/06\/2018-10-09-11.25.40-1-231x300.jpg 231w\" sizes=\"auto, (max-width: 500px) 100vw, 500px\" \/><\/a>\n\t\t\t<\/dt>\n\t\t\t\t<dd class='wp-caption-text gallery-caption' id='gallery-1-1213'>\n\t\t\t\tHat unser Wanderleiter etwa die Orientierung verloren&#8230;?\n\t\t\t\t<\/dd><\/dl><dl class='gallery-item'>\n\t\t\t<dt class='gallery-icon landscape'>\n\t\t\t\t<a data-fancybox=\"mesmerize-gallery-2-group\" href='https:\/\/musiklager-kisi.ch\/wp-content\/uploads\/2021\/06\/2018-10-09-11.45.53.jpg'><img loading=\"lazy\" decoding=\"async\"  width=\"650\" height=\"500\" src=\"https:\/\/musiklager-kisi.ch\/wp-content\/uploads\/2021\/06\/2018-10-09-11.45.53.jpg\"  class='mesmerize-gallery-2-image' alt=\"\" aria-describedby=\"gallery-1-1214\" srcset=\"https:\/\/musiklager-kisi.ch\/wp-content\/uploads\/2021\/06\/2018-10-09-11.45.53.jpg 650w, https:\/\/musiklager-kisi.ch\/wp-content\/uploads\/2021\/06\/2018-10-09-11.45.53-300x231.jpg 300w\" sizes=\"auto, (max-width: 650px) 100vw, 650px\" \/><\/a>\n\t\t\t<\/dt>\n\t\t\t\t<dd class='wp-caption-text gallery-caption' id='gallery-1-1214'>\n\t\t\t\t&#8230;nat\u00fcrlich nicht!!  Fabian f\u00fchrte uns \u00fcber den Holzskulpturenweg und durch die wundersch\u00f6ne Simmertaler-Bergwelt.  Nach 1 1\/2 Stunden Wanderzeit genossen Teilnehmer &#038; Leiter das feine  von unserer K\u00fcchencrew zubereitete Schnitzelbrot.\n\t\t\t\t<\/dd><\/dl><dl class='gallery-item'>\n\t\t\t<dt class='gallery-icon portrait'>\n\t\t\t\t<a data-fancybox=\"mesmerize-gallery-2-group\" href='https:\/\/musiklager-kisi.ch\/wp-content\/uploads\/2021\/06\/2018-10-09-12.28.36.jpg'><img loading=\"lazy\" decoding=\"async\"  width=\"500\" height=\"650\" src=\"https:\/\/musiklager-kisi.ch\/wp-content\/uploads\/2021\/06\/2018-10-09-12.28.36.jpg\"  class='mesmerize-gallery-2-image' alt=\"\" aria-describedby=\"gallery-1-1215\" srcset=\"https:\/\/musiklager-kisi.ch\/wp-content\/uploads\/2021\/06\/2018-10-09-12.28.36.jpg 500w, https:\/\/musiklager-kisi.ch\/wp-content\/uploads\/2021\/06\/2018-10-09-12.28.36-231x300.jpg 231w\" sizes=\"auto, (max-width: 500px) 100vw, 500px\" \/><\/a>\n\t\t\t<\/dt>\n\t\t\t\t<dd class='wp-caption-text gallery-caption' id='gallery-1-1215'>\n\t\t\t\tGest\u00e4rkt nahmen wir den letzten, sehr steilen Aufstieg zur Mittelstation  der Rinderberg-Bahn in Angriff.\n\t\t\t\t<\/dd><\/dl><dl class='gallery-item'>\n\t\t\t<dt class='gallery-icon landscape'>\n\t\t\t\t<a data-fancybox=\"mesmerize-gallery-2-group\" href='https:\/\/musiklager-kisi.ch\/wp-content\/uploads\/2021\/06\/2018-10-09-12.41.09.jpg'><img loading=\"lazy\" decoding=\"async\"  width=\"650\" height=\"500\" src=\"https:\/\/musiklager-kisi.ch\/wp-content\/uploads\/2021\/06\/2018-10-09-12.41.09.jpg\"  class='mesmerize-gallery-2-image' alt=\"\" aria-describedby=\"gallery-1-1216\" srcset=\"https:\/\/musiklager-kisi.ch\/wp-content\/uploads\/2021\/06\/2018-10-09-12.41.09.jpg 650w, https:\/\/musiklager-kisi.ch\/wp-content\/uploads\/2021\/06\/2018-10-09-12.41.09-300x231.jpg 300w\" sizes=\"auto, (max-width: 650px) 100vw, 650px\" \/><\/a>\n\t\t\t<\/dt>\n\t\t\t\t<dd class='wp-caption-text gallery-caption' id='gallery-1-1216'>\n\t\t\t\tDie j\u00fcngeren, fitten Teilnehmer mussten noch einige Minuten warten bis  alle Leiter am Zwischenziel angekommen waren&#8230;\n\t\t\t\t<\/dd><\/dl><dl class='gallery-item'>\n\t\t\t<dt class='gallery-icon landscape'>\n\t\t\t\t<a data-fancybox=\"mesmerize-gallery-2-group\" href='https:\/\/musiklager-kisi.ch\/wp-content\/uploads\/2021\/06\/2018-10-08-14.30.29.jpg'><img loading=\"lazy\" decoding=\"async\"  width=\"650\" height=\"500\" src=\"https:\/\/musiklager-kisi.ch\/wp-content\/uploads\/2021\/06\/2018-10-08-14.30.29.jpg\"  class='mesmerize-gallery-2-image' alt=\"\" aria-describedby=\"gallery-1-1209\" srcset=\"https:\/\/musiklager-kisi.ch\/wp-content\/uploads\/2021\/06\/2018-10-08-14.30.29.jpg 650w, https:\/\/musiklager-kisi.ch\/wp-content\/uploads\/2021\/06\/2018-10-08-14.30.29-300x231.jpg 300w\" sizes=\"auto, (max-width: 650px) 100vw, 650px\" \/><\/a>\n\t\t\t<\/dt>\n\t\t\t\t<dd class='wp-caption-text gallery-caption' id='gallery-1-1209'>\n\t\t\t\tWundersch\u00f6ne Aussicht vom Rinderberg.\n\t\t\t\t<\/dd><\/dl><dl class='gallery-item'>\n\t\t\t<dt class='gallery-icon portrait'>\n\t\t\t\t<a data-fancybox=\"mesmerize-gallery-2-group\" href='https:\/\/musiklager-kisi.ch\/wp-content\/uploads\/2021\/06\/2018-10-08-14.29.27.jpg'><img loading=\"lazy\" decoding=\"async\"  width=\"500\" height=\"650\" src=\"https:\/\/musiklager-kisi.ch\/wp-content\/uploads\/2021\/06\/2018-10-08-14.29.27.jpg\"  class='mesmerize-gallery-2-image' alt=\"\" aria-describedby=\"gallery-1-1208\" srcset=\"https:\/\/musiklager-kisi.ch\/wp-content\/uploads\/2021\/06\/2018-10-08-14.29.27.jpg 500w, https:\/\/musiklager-kisi.ch\/wp-content\/uploads\/2021\/06\/2018-10-08-14.29.27-231x300.jpg 231w\" sizes=\"auto, (max-width: 500px) 100vw, 500px\" \/><\/a>\n\t\t\t<\/dt>\n\t\t\t\t<dd class='wp-caption-text gallery-caption' id='gallery-1-1208'>\n\t\t\t\tDie Gondelbahn brachte uns anschliessend nach Zweisimmen zur\u00fcck.\n\t\t\t\t<\/dd><\/dl><dl class='gallery-item'>\n\t\t\t<dt class='gallery-icon landscape'>\n\t\t\t\t<a data-fancybox=\"mesmerize-gallery-2-group\" href='https:\/\/musiklager-kisi.ch\/wp-content\/uploads\/2021\/06\/2018-10-09-14.24.19.jpg'><img loading=\"lazy\" decoding=\"async\"  width=\"650\" height=\"500\" src=\"https:\/\/musiklager-kisi.ch\/wp-content\/uploads\/2021\/06\/2018-10-09-14.24.19.jpg\"  class='mesmerize-gallery-2-image' alt=\"\" aria-describedby=\"gallery-1-1217\" srcset=\"https:\/\/musiklager-kisi.ch\/wp-content\/uploads\/2021\/06\/2018-10-09-14.24.19.jpg 650w, https:\/\/musiklager-kisi.ch\/wp-content\/uploads\/2021\/06\/2018-10-09-14.24.19-300x231.jpg 300w\" sizes=\"auto, (max-width: 650px) 100vw, 650px\" \/><\/a>\n\t\t\t<\/dt>\n\t\t\t\t<dd class='wp-caption-text gallery-caption' id='gallery-1-1217'>\n\t\t\t\tNach einem kurzen Tenu-Wechsel startete bereits das traditionelle Fussballturnier.\n\t\t\t\t<\/dd><\/dl><dl class='gallery-item'>\n\t\t\t<dt class='gallery-icon landscape'>\n\t\t\t\t<a data-fancybox=\"mesmerize-gallery-2-group\" href='https:\/\/musiklager-kisi.ch\/wp-content\/uploads\/2021\/06\/2018-10-09-14.24.21.jpg'><img loading=\"lazy\" decoding=\"async\"  width=\"650\" height=\"500\" src=\"https:\/\/musiklager-kisi.ch\/wp-content\/uploads\/2021\/06\/2018-10-09-14.24.21.jpg\"  class='mesmerize-gallery-2-image' alt=\"\" aria-describedby=\"gallery-1-1218\" srcset=\"https:\/\/musiklager-kisi.ch\/wp-content\/uploads\/2021\/06\/2018-10-09-14.24.21.jpg 650w, https:\/\/musiklager-kisi.ch\/wp-content\/uploads\/2021\/06\/2018-10-09-14.24.21-300x231.jpg 300w\" sizes=\"auto, (max-width: 650px) 100vw, 650px\" \/><\/a>\n\t\t\t<\/dt>\n\t\t\t\t<dd class='wp-caption-text gallery-caption' id='gallery-1-1218'>\n\t\t\t\tDas Leiterteam durfte trotz aller Wander-Strapazen den Turniersieg feiern &#8211; sehr zu Freude  aller Teilnehmer \ud83d\ude42\n\t\t\t\t<\/dd><\/dl><dl class='gallery-item'>\n\t\t\t<dt class='gallery-icon portrait'>\n\t\t\t\t<a data-fancybox=\"mesmerize-gallery-2-group\" href='https:\/\/musiklager-kisi.ch\/wp-content\/uploads\/2021\/06\/2018-10-09-20.44.14.jpg'><img loading=\"lazy\" decoding=\"async\"  width=\"500\" height=\"650\" src=\"https:\/\/musiklager-kisi.ch\/wp-content\/uploads\/2021\/06\/2018-10-09-20.44.14.jpg\"  class='mesmerize-gallery-2-image' alt=\"\" aria-describedby=\"gallery-1-1219\" srcset=\"https:\/\/musiklager-kisi.ch\/wp-content\/uploads\/2021\/06\/2018-10-09-20.44.14.jpg 500w, https:\/\/musiklager-kisi.ch\/wp-content\/uploads\/2021\/06\/2018-10-09-20.44.14-231x300.jpg 231w\" sizes=\"auto, (max-width: 500px) 100vw, 500px\" \/><\/a>\n\t\t\t<\/dt>\n\t\t\t\t<dd class='wp-caption-text gallery-caption' id='gallery-1-1219'>\n\t\t\t\tFrisch geduscht und nach einem feinen Nachtessen, wurden die Registergruppen aufgeteilt.\n\t\t\t\t<\/dd><\/dl><dl class='gallery-item'>\n\t\t\t<dt class='gallery-icon portrait'>\n\t\t\t\t<a data-fancybox=\"mesmerize-gallery-2-group\" href='https:\/\/musiklager-kisi.ch\/wp-content\/uploads\/2021\/06\/2018-10-09-21.07.56.jpg'><img loading=\"lazy\" decoding=\"async\"  width=\"500\" height=\"650\" src=\"https:\/\/musiklager-kisi.ch\/wp-content\/uploads\/2021\/06\/2018-10-09-21.07.56.jpg\"  class='mesmerize-gallery-2-image' alt=\"\" aria-describedby=\"gallery-1-1220\" srcset=\"https:\/\/musiklager-kisi.ch\/wp-content\/uploads\/2021\/06\/2018-10-09-21.07.56.jpg 500w, https:\/\/musiklager-kisi.ch\/wp-content\/uploads\/2021\/06\/2018-10-09-21.07.56-231x300.jpg 231w\" sizes=\"auto, (max-width: 500px) 100vw, 500px\" \/><\/a>\n\t\t\t<\/dt>\n\t\t\t\t<dd class='wp-caption-text gallery-caption' id='gallery-1-1220'>\n\t\t\t\t&#8218;Holz-Bl\u00e4ser&#8216; und &#8218;Tubisten&#8216; genossen im Registerausgang einen feinen Coupe&#8230;\n\t\t\t\t<\/dd><\/dl><dl class='gallery-item'>\n\t\t\t<dt class='gallery-icon landscape'>\n\t\t\t\t<a data-fancybox=\"mesmerize-gallery-2-group\" href='https:\/\/musiklager-kisi.ch\/wp-content\/uploads\/2021\/06\/2018-10-09-21.16.41.jpg'><img loading=\"lazy\" decoding=\"async\"  width=\"650\" height=\"500\" src=\"https:\/\/musiklager-kisi.ch\/wp-content\/uploads\/2021\/06\/2018-10-09-21.16.41.jpg\"  class='mesmerize-gallery-2-image' alt=\"\" aria-describedby=\"gallery-1-1221\" srcset=\"https:\/\/musiklager-kisi.ch\/wp-content\/uploads\/2021\/06\/2018-10-09-21.16.41.jpg 650w, https:\/\/musiklager-kisi.ch\/wp-content\/uploads\/2021\/06\/2018-10-09-21.16.41-300x231.jpg 300w\" sizes=\"auto, (max-width: 650px) 100vw, 650px\" \/><\/a>\n\t\t\t<\/dt>\n\t\t\t\t<dd class='wp-caption-text gallery-caption' id='gallery-1-1221'>\n\t\t\t\t&#8230;w\u00e4hrend die Blechbl\u00e4ser und Schlagzeuger am lustigen Spielabend teilnahmen.\n\t\t\t\t<\/dd><\/dl><dl class='gallery-item'>\n\t\t\t<dt class='gallery-icon portrait'>\n\t\t\t\t<a data-fancybox=\"mesmerize-gallery-2-group\" href='https:\/\/musiklager-kisi.ch\/wp-content\/uploads\/2021\/06\/2018-10-09-23.42.39.jpg'><img loading=\"lazy\" decoding=\"async\"  width=\"500\" height=\"650\" src=\"https:\/\/musiklager-kisi.ch\/wp-content\/uploads\/2021\/06\/2018-10-09-23.42.39.jpg\"  class='mesmerize-gallery-2-image' alt=\"\" srcset=\"https:\/\/musiklager-kisi.ch\/wp-content\/uploads\/2021\/06\/2018-10-09-23.42.39.jpg 500w, https:\/\/musiklager-kisi.ch\/wp-content\/uploads\/2021\/06\/2018-10-09-23.42.39-231x300.jpg 231w\" sizes=\"auto, (max-width: 500px) 100vw, 500px\" \/><\/a>\n\t\t\t<\/dt><\/dl>\n\t\t<\/div>\n<script>(function($){window.MaterialisCaptionsGallery && window.MaterialisCaptionsGallery($('[data-unique-id=\"mesmerize-gallery-2-69e1a52f40383\"]'))})(jQuery)<\/script><\/div><\/div><\/div> <\/div><\/div>","protected":false},"excerpt":{"rendered":"<p>Musiklager-Kisi 2018 Das Musiklager-Kisi 2018 fand vom Samstag, 6. bis Freitag, 12. Oktober wiederum in Zweisimmen statt. Insgesamt 83 Personen (66 Teilnehmer und 17 Leiter) nahmen am 27. Musiklager-Kisi teil. ABSCHLUSSKONZERT Hier findest du das Konzertprogramm von unserem Abschlusskonzert am Freitag 12. Oktober in Rickenbach.Konzertprogramm TAGESPROGRAMM \ufeffFalls es dich Wunder nimmt, was wir im Jahr&hellip; <br \/> <a class=\"read-more\" href=\"https:\/\/musiklager-kisi.ch\/index.php\/lager-2018\/\">Read more<\/a><\/p>\n","protected":false},"author":1,"featured_media":0,"parent":0,"menu_order":0,"comment_status":"closed","ping_status":"closed","template":"pro\/page-templates\/full-width-page.php","meta":{"footnotes":""},"class_list":["post-1194","page","type-page","status-publish","hentry"],"_links":{"self":[{"href":"https:\/\/musiklager-kisi.ch\/index.php\/wp-json\/wp\/v2\/pages\/1194","targetHints":{"allow":["GET"]}}],"collection":[{"href":"https:\/\/musiklager-kisi.ch\/index.php\/wp-json\/wp\/v2\/pages"}],"about":[{"href":"https:\/\/musiklager-kisi.ch\/index.php\/wp-json\/wp\/v2\/types\/page"}],"author":[{"embeddable":true,"href":"https:\/\/musiklager-kisi.ch\/index.php\/wp-json\/wp\/v2\/users\/1"}],"replies":[{"embeddable":true,"href":"https:\/\/musiklager-kisi.ch\/index.php\/wp-json\/wp\/v2\/comments?post=1194"}],"version-history":[{"count":11,"href":"https:\/\/musiklager-kisi.ch\/index.php\/wp-json\/wp\/v2\/pages\/1194\/revisions"}],"predecessor-version":[{"id":1788,"href":"https:\/\/musiklager-kisi.ch\/index.php\/wp-json\/wp\/v2\/pages\/1194\/revisions\/1788"}],"wp:attachment":[{"href":"https:\/\/musiklager-kisi.ch\/index.php\/wp-json\/wp\/v2\/media?parent=1194"}],"curies":[{"name":"wp","href":"https:\/\/api.w.org\/{rel}","templated":true}]}}